{"id":121,"date":"2010-08-18T13:02:30","date_gmt":"2010-08-18T12:02:30","guid":{"rendered":"http:\/\/www.proudthemes.com\/demo\/academica\/?page_id=2"},"modified":"2024-11-18T22:26:05","modified_gmt":"2024-11-18T21:26:05","slug":"about","status":"publish","type":"page","link":"https:\/\/anssaintemarie.be\/?page_id=121","title":{"rendered":"A propos"},"content":{"rendered":"<div data-hveid=\"137\">\n<div>Ecole Sainte-Marie<\/div>\n<div><\/div>\n<div>Adresse\u00a0: Rue de l&rsquo;Yser 295, 4430 ANS<\/div>\n<div><\/div>\n<div>T\u00e9l\u00e9phone\u00a0:04 263.75.11<\/div>\n<div>Fax : 04 263.75.11<\/div>\n<div><\/div>\n<div>Courriel : direction@saintemarieans.be<\/div>\n<p>&nbsp;<\/p>\n<\/div>\n<p><iframe loading=\"lazy\" src=\"https:\/\/maps.google.be\/maps?ie=UTF8&amp;q=Ecole+Sainte-Marie&amp;fb=1&amp;gl=be&amp;hq=ecole+ans+sainte+marie&amp;cid=4467532592826876106&amp;t=m&amp;ll=50.662751,5.517797&amp;spn=0.006529,0.013733&amp;z=16&amp;iwloc=A&amp;output=embed\" width=\"640\" height=\"480\" frameborder=\"0\" marginwidth=\"0\" marginheight=\"0\" scrolling=\"no\"><\/iframe><br \/>\n<small><a style=\"color: #0000ff; text-align: left;\" href=\"https:\/\/maps.google.be\/maps?ie=UTF8&amp;q=Ecole+Sainte-Marie&amp;fb=1&amp;gl=be&amp;hq=ecole+ans+sainte+marie&amp;cid=4467532592826876106&amp;t=m&amp;ll=50.662751,5.517797&amp;spn=0.006529,0.013733&amp;z=16&amp;iwloc=A&amp;source=embed\">Agrandir le plan<\/a><\/small><\/p>\n<p>&nbsp;<\/p>\n<p>Avertissement :<br \/>\nCe site Internet est destin\u00e9 \u00e0 pr\u00e9senter l&rsquo;Ecole. Il comporte de nombreuses photos voir videos sur lesquelles apparaissent les \u00e9l\u00e8ves dans diverses circonstances de la vie scolaire et parascolaire (spectacles, fancy fair, voyages de classe, actions b\u00e9n\u00e9voles, etc.).\u00a0 Toutes ces images d\u2019\u00e9l\u00e8ves sont publi\u00e9es ici \u00e0 titre d&rsquo;illustration de la vie \u00e0 l&rsquo;Ecole, principalement \u00e0 destination des parents et des \u00e9l\u00e8ves eux-m\u00eames \u2014 bien souvent demandeurs de souvenirs d&rsquo;activit\u00e9s, ou d&rsquo;informations sur les \u00e9v\u00e8nements scolaires et parascolaires organis\u00e9s par l&rsquo;\u00e9tablissement.<\/p>\n<p>Toutefois, si un parent s&rsquo;oppose \u00e0 la publication de l&rsquo;une ou l&rsquo;autre photo ou video, parce que son enfant y para\u00eet, il peut nous contacter par email, le document concern\u00e9 sera imm\u00e9diatement enlev\u00e9.<\/p>\n","protected":false},"excerpt":{"rendered":"<p>Ecole Sainte-Marie Adresse\u00a0: Rue de l&rsquo;Yser 295, 4430 ANS T\u00e9l\u00e9phone\u00a0:04 263.75.11 Fax : 04 263.75.11 Courriel : direction@saintemarieans.be &nbsp; Agrandir le plan &nbsp; Avertissement : Ce site Internet est destin\u00e9 \u00e0 pr\u00e9senter l&rsquo;Ecole. Il comporte de nombreuses photos voir videos sur lesquelles apparaissent les \u00e9l\u00e8ves dans diverses circonstances de la vie scolaire et parascolaire (spectacles, [&hellip;]<\/p>\n","protected":false},"author":1,"featured_media":0,"parent":0,"menu_order":0,"comment_status":"closed","ping_status":"closed","template":"template-full-width.php","meta":{"footnotes":""},"class_list":["post-121","page","type-page","status-publish","hentry"],"_links":{"self":[{"href":"https:\/\/anssaintemarie.be\/index.php?rest_route=\/wp\/v2\/pages\/121","targetHints":{"allow":["GET"]}}],"collection":[{"href":"https:\/\/anssaintemarie.be\/index.php?rest_route=\/wp\/v2\/pages"}],"about":[{"href":"https:\/\/anssaintemarie.be\/index.php?rest_route=\/wp\/v2\/types\/page"}],"author":[{"embeddable":true,"href":"https:\/\/anssaintemarie.be\/index.php?rest_route=\/wp\/v2\/users\/1"}],"replies":[{"embeddable":true,"href":"https:\/\/anssaintemarie.be\/index.php?rest_route=%2Fwp%2Fv2%2Fcomments&post=121"}],"version-history":[{"count":12,"href":"https:\/\/anssaintemarie.be\/index.php?rest_route=\/wp\/v2\/pages\/121\/revisions"}],"predecessor-version":[{"id":3208,"href":"https:\/\/anssaintemarie.be\/index.php?rest_route=\/wp\/v2\/pages\/121\/revisions\/3208"}],"wp:attachment":[{"href":"https:\/\/anssaintemarie.be\/index.php?rest_route=%2Fwp%2Fv2%2Fmedia&parent=121"}],"curies":[{"name":"wp","href":"https:\/\/api.w.org\/{rel}","templated":true}]}}