{"id":167,"date":"2010-08-18T12:42:12","date_gmt":"2010-08-18T13:42:12","guid":{"rendered":"http:\/\/www.proudthemes.com\/demo\/academica\/"},"modified":"2013-05-29T21:10:40","modified_gmt":"2013-05-29T20:10:40","slug":"admissions","status":"publish","type":"page","link":"https:\/\/anssaintemarie.be\/?page_id=167","title":{"rendered":"Informations g\u00e9n\u00e9rales"},"content":{"rendered":"<p>Le partenariat parents, enfants, enseignants, comit\u00e9 de gestion et clerg\u00e9 est essentiel pour mener notre mission d\u2019\u00e9ducation qui est le premier axe de notre \u00e9cole chr\u00e9tienne. Aussi, tous apporteront leur meilleure collaboration pour le bien de tous les enfants.<\/p>\n<p>Cette collaboration doit reposer sur un projet \u00e9ducatif et un projet p\u00e9dagogique qui d\u00e9finissent l\u2019ensemble des valeurs et des r\u00e9f\u00e9rences \u00e0 partir desquelles notre \u00e9cole fixe ses objectifs \u00e9ducatifs et p\u00e9dagogiques, mais \u00e9galement sur un r\u00e8glement d\u2019ordre int\u00e9rieur, convention qui r\u00e9git le partenariat.<\/p>\n<p>Toute une \u00e9quipe est au service de votre enfant. L\u2019\u00e9cole Sainte-Marie est votre \u00e9cole. Celle o\u00f9 tous les enfants sont accueillis par une \u00e9quipe p\u00e9dagogique exigeante qui met en \u0153uvre toutes ses comp\u00e9tences pour cr\u00e9er des conditions d\u2019un apprentissage harmonieux.<\/p>\n<p><b>Nos ma\u00eetres mots seront encore \u00ab\u00a0discipline, respect, ordre et rigueur\u00a0\u00bb. Une n\u00e9cessit\u00e9 dans une soci\u00e9t\u00e9 qui n\u2019apporte plus assez de rep\u00e8res et de limites \u00e0 l\u2019enfant.<\/b><\/p>\n<p>Via cette page vous trouverez les informations suivantes \u00e0 propos notre \u00e9cole:<\/p>\n<ul>\n<li>le projet \u00e9ducatif<\/li>\n<li>le projet p\u00e9dagogique<\/li>\n<li>le r\u00e8glement d&rsquo;ordre int\u00e9rieur (ROI)<\/li>\n<li>l&rsquo;\u00e9quipe enseignante<\/li>\n<li>l&rsquo;association des parents<\/li>\n<li>le conseil de participation<\/li>\n<li>le comit\u00e9 de gestion<\/li>\n<\/ul>\n","protected":false},"excerpt":{"rendered":"<p>Le partenariat parents, enfants, enseignants, comit\u00e9 de gestion et clerg\u00e9 est essentiel pour mener notre mission d\u2019\u00e9ducation qui est le premier axe de notre \u00e9cole chr\u00e9tienne. Aussi, tous apporteront leur meilleure collaboration pour le bien de tous les enfants. Cette collaboration doit reposer sur un projet \u00e9ducatif et un projet p\u00e9dagogique qui d\u00e9finissent l\u2019ensemble des [&hellip;]<\/p>\n","protected":false},"author":1,"featured_media":0,"parent":0,"menu_order":0,"comment_status":"open","ping_status":"open","template":"","meta":{"footnotes":""},"class_list":["post-167","page","type-page","status-publish","hentry"],"_links":{"self":[{"href":"https:\/\/anssaintemarie.be\/index.php?rest_route=\/wp\/v2\/pages\/167","targetHints":{"allow":["GET"]}}],"collection":[{"href":"https:\/\/anssaintemarie.be\/index.php?rest_route=\/wp\/v2\/pages"}],"about":[{"href":"https:\/\/anssaintemarie.be\/index.php?rest_route=\/wp\/v2\/types\/page"}],"author":[{"embeddable":true,"href":"https:\/\/anssaintemarie.be\/index.php?rest_route=\/wp\/v2\/users\/1"}],"replies":[{"embeddable":true,"href":"https:\/\/anssaintemarie.be\/index.php?rest_route=%2Fwp%2Fv2%2Fcomments&post=167"}],"version-history":[{"count":8,"href":"https:\/\/anssaintemarie.be\/index.php?rest_route=\/wp\/v2\/pages\/167\/revisions"}],"predecessor-version":[{"id":433,"href":"https:\/\/anssaintemarie.be\/index.php?rest_route=\/wp\/v2\/pages\/167\/revisions\/433"}],"wp:attachment":[{"href":"https:\/\/anssaintemarie.be\/index.php?rest_route=%2Fwp%2Fv2%2Fmedia&parent=167"}],"curies":[{"name":"wp","href":"https:\/\/api.w.org\/{rel}","templated":true}]}}