{"id":299,"date":"2013-05-17T16:02:51","date_gmt":"2013-05-17T15:02:51","guid":{"rendered":"http:\/\/anssaintemarie.be\/?page_id=299"},"modified":"2026-01-28T22:23:14","modified_gmt":"2026-01-28T21:23:14","slug":"lassociation-des-parents","status":"publish","type":"page","link":"https:\/\/anssaintemarie.be\/?page_id=299","title":{"rendered":"L&rsquo;association des parents"},"content":{"rendered":"\n<figure class=\"wp-block-image size-large\"><img loading=\"lazy\" decoding=\"async\" width=\"1024\" height=\"542\" src=\"https:\/\/anssaintemarie.be\/wp-content\/uploads\/2026\/01\/Logo-AP-25-26-1024x542.jpg\" alt=\"\" class=\"wp-image-3341\" srcset=\"https:\/\/anssaintemarie.be\/wp-content\/uploads\/2026\/01\/Logo-AP-25-26-1024x542.jpg 1024w, https:\/\/anssaintemarie.be\/wp-content\/uploads\/2026\/01\/Logo-AP-25-26-800x423.jpg 800w, https:\/\/anssaintemarie.be\/wp-content\/uploads\/2026\/01\/Logo-AP-25-26-768x406.jpg 768w, https:\/\/anssaintemarie.be\/wp-content\/uploads\/2026\/01\/Logo-AP-25-26.jpg 1093w\" sizes=\"auto, (max-width: 1024px) 100vw, 1024px\" \/><\/figure>\n\n\n<p>L\u2019Association des Parents de l\u2019\u00e9cole Sainte-Marie rassemble les parents d\u2019\u00e9l\u00e8ves autour d\u2019un objectif commun\u00a0: <strong>le bien-\u00eatre et l\u2019\u00e9panouissement des enfants \u00e0 l\u2019\u00e9cole<\/strong>.<\/p>\n<p><em>Nos missions:<\/em><\/p>\n<ul>\n<li><strong>Soutenir l\u2019\u00e9cole<\/strong> dans ses projets et ses initiatives\u00a0<\/li>\n<li><strong>Cr\u00e9er du lien <\/strong>entre les parents et les membres de l\u2019\u00e9cole, dans un esprit constructif et respectueux<\/li>\n<li><strong>Embellir l\u2019environnement <\/strong>scolaire des enfants en contribuant aux projets d\u2019am\u00e9nagement et de r\u00e9novation, ainsi qu\u2019\u00e0 l\u2019achat de mat\u00e9riel \u00e9ducatif ou de confort<\/li>\n<li><strong>Contribuer \u00e0 la vie scolaire<\/strong> \u00e0 travers l\u2019organisation d\u2019activit\u00e9s conviviales, \u00e9ducatives ou de soutien logistique<\/li>\n<\/ul>\n<p><em>Les \u00e9v\u00e9nements organis\u00e9s:<\/em><\/p>\n<p>Pour mener \u00e0 bien ses objectifs, l\u2019AP organise diff\u00e9rentes actions tout au long de l\u2019ann\u00e9e\u00a0(vente de gaufres, bourse aux jouets et au mat\u00e9riel de pu\u00e9riculture, \u2026). <strong>Chaque b\u00e9n\u00e9fice est int\u00e9gralement destin\u00e9 aux enfants<\/strong>.<\/p>\n<p><em>Envie de nous rejoindre\u00a0?<\/em><\/p>\n<p><strong>Tous les parents sont les bienvenus<\/strong>, quel que soit le temps qu\u2019ils peuvent y consacrer.<\/p>\n<p>Vous pouvez :<\/p>\n<ul>\n<li>Rejoindre notre <strong>page Facebook\u00a0<\/strong>: <em>Association des Parents de l\u2019\u00e9cole Sainte-Marie Ans<\/em> afin d\u2019\u00eatre inform\u00e9s des diff\u00e9rentes actions en cours et des dates de r\u00e9union<\/li>\n<li>Participer \u00e0 nos <strong>r\u00e9unions<\/strong><\/li>\n<li>Nous contacter par <strong>mail<\/strong>: <a href=\"mailto:associationparents@saintemarieans.be\">associationparents@saintemarieans.be<\/a><\/li>\n<\/ul>\n<p>Chaque aide, petite ou grande, est pr\u00e9cieuse et contribue \u00e0 faire vivre l\u2019\u00e9cole au quotidien.<\/p>\n<p><span style=\"text-decoration: underline;\">Pr\u00e9sidence<\/span> : Fanny BARCHY<\/p>\n<p><span style=\"text-decoration: underline;\">Tr\u00e9sori\u00e8re<\/span>\u00a0: Sandra WINTERSHAUSEN<\/p>\n<p><span style=\"text-decoration: underline;\">Secr\u00e9taire<\/span>\u00a0: Catherine SCHENA<\/p>\n<p><span style=\"text-decoration: underline;\">Adresse mail<\/span> : associationparents@saintemarieans.be<\/p>\n<p><span style=\"text-decoration: underline;\">Prochaine r\u00e9union<\/span><strong> : Voir le <a href=\"https:\/\/www.facebook.com\/profile.php?id=61580060092464&amp;locale=fr_FR\" target=\"_blank\" rel=\"noopener\">groupe Facebook<\/a><\/strong><br \/><a href=\"http:\/\/trello.com\/b\/3NfQYN49\"><br \/><\/a><\/p>","protected":false},"excerpt":{"rendered":"<p>L\u2019Association des Parents de l\u2019\u00e9cole Sainte-Marie rassemble les parents d\u2019\u00e9l\u00e8ves autour d\u2019un objectif commun\u00a0: le bien-\u00eatre et l\u2019\u00e9panouissement des enfants \u00e0 l\u2019\u00e9cole. Nos missions: Soutenir l\u2019\u00e9cole dans ses projets et ses initiatives\u00a0 Cr\u00e9er du lien entre les parents et les membres de l\u2019\u00e9cole, dans un esprit constructif et respectueux Embellir l\u2019environnement scolaire des enfants en [&hellip;]<\/p>\n","protected":false},"author":1,"featured_media":0,"parent":167,"menu_order":0,"comment_status":"closed","ping_status":"closed","template":"","meta":{"footnotes":""},"class_list":["post-299","page","type-page","status-publish","hentry"],"_links":{"self":[{"href":"https:\/\/anssaintemarie.be\/index.php?rest_route=\/wp\/v2\/pages\/299","targetHints":{"allow":["GET"]}}],"collection":[{"href":"https:\/\/anssaintemarie.be\/index.php?rest_route=\/wp\/v2\/pages"}],"about":[{"href":"https:\/\/anssaintemarie.be\/index.php?rest_route=\/wp\/v2\/types\/page"}],"author":[{"embeddable":true,"href":"https:\/\/anssaintemarie.be\/index.php?rest_route=\/wp\/v2\/users\/1"}],"replies":[{"embeddable":true,"href":"https:\/\/anssaintemarie.be\/index.php?rest_route=%2Fwp%2Fv2%2Fcomments&post=299"}],"version-history":[{"count":42,"href":"https:\/\/anssaintemarie.be\/index.php?rest_route=\/wp\/v2\/pages\/299\/revisions"}],"predecessor-version":[{"id":3333,"href":"https:\/\/anssaintemarie.be\/index.php?rest_route=\/wp\/v2\/pages\/299\/revisions\/3333"}],"up":[{"embeddable":true,"href":"https:\/\/anssaintemarie.be\/index.php?rest_route=\/wp\/v2\/pages\/167"}],"wp:attachment":[{"href":"https:\/\/anssaintemarie.be\/index.php?rest_route=%2Fwp%2Fv2%2Fmedia&parent=299"}],"curies":[{"name":"wp","href":"https:\/\/api.w.org\/{rel}","templated":true}]}}