{"id":310,"date":"2013-05-29T21:13:29","date_gmt":"2013-05-29T20:13:29","guid":{"rendered":"http:\/\/anssaintemarie.be\/?page_id=310"},"modified":"2018-09-20T10:05:32","modified_gmt":"2018-09-20T08:05:32","slug":"le-projet-educatif","status":"publish","type":"page","link":"https:\/\/anssaintemarie.be\/?page_id=310","title":{"rendered":"Notre projet \u00e9ducatif"},"content":{"rendered":"<p><b><i>L\u2019\u00e9cole Sainte-Marie, communaut\u00e9 d\u2019Eglise, se met au service de la soci\u00e9t\u00e9, et particuli\u00e8rement des enfants qui lui sont confi\u00e9s.<\/i><\/b><\/p>\n<p>Enseignants, Pouvoir Organisateur, parents, personnel ouvrier, surveillants et autres intervenants travaillent ensemble dans un esprit de communaut\u00e9 \u00e9ducative.<\/p>\n<p><em><strong>ACCUEIL &#8211; JOIE &#8211; RESPECT DE L&rsquo;AUTRE<\/strong><\/em><\/p>\n<p>L\u2019\u00e9cole Sainte-Marie accueille tous les enfants, chaque enfant, quelles que soient son origine, sa culture, sa religion.<\/p>\n<p>La communaut\u00e9 \u00e9ducative se propose de d\u00e9velopper la personnalit\u00e9 toute enti\u00e8re de l\u2019enfant. Elle \u00e9veille la personnalit\u00e9 de chacun avec ses richesses, ses faiblesses, ses talents, ses souffrances et ses joies.<\/p>\n<p>Nous nous effor\u00e7ons, dans un esprit chr\u00e9tien, de bien conna\u00eetre chaque enfant\u00a0: de le comprendre, de l\u2019\u00e9couter, de l\u2019encourager, de l\u2019aimer, dans un souci de dialogue, de partage et de justice.<\/p>\n<p><em><strong>EDUCATION A L&rsquo;EFFORT &#8211; RIGUEUR &#8211; MAITRISE DE SOI\u00a0<\/strong><\/em><\/p>\n<p>Apprendre \u00e0 contr\u00f4ler ses envies, ses pulsions devient, dans notre soci\u00e9t\u00e9, une n\u00e9cessit\u00e9 afin d\u2019\u00e9viter des actes de violence verbale et non verbale. Eduquer l\u2019enfant \u00e0 l\u2019effort et \u00e0 la rigueur est une de nos pr\u00e9occupations essentielles dans notre travail quotidien.<\/p>\n<p><b><i>INTERIORITE ET DIMENSION CHRETIENNE<\/i><\/b><\/p>\n<p>Notre \u00e9cole chr\u00e9tienne a pour mission d\u2019annoncer la Bonne Nouvelle du Christ. Elle trouve sa r\u00e9f\u00e9rence essentielle dans la personne de J\u00e9sus et dans les signes qu\u2019en a gard\u00e9s la tradition vivante de l\u2019\u00e9glise. Elle offre \u00e0 chacun la libert\u00e9 de construire sa propre identit\u00e9 en relation avec le Dieu de J\u00e9sus, de se sentir interpell\u00e9 par la Bonne Nouvelle de l\u2019Evangile. Elle offre donc \u00e0 l\u2019enfant de conna\u00eetre, d\u2019appr\u00e9cier cette r\u00e9f\u00e9rence, et d\u2019y adh\u00e9rer ou non par la Foi. Chacun accepte de se remettre en question dans sa fid\u00e9lit\u00e9 \u00e0 vivre le message de J\u00e9sus, et \u00e0 t\u00e9moigner de l\u2019esp\u00e9rance dont il est porteur.<\/p>\n<p>Ce message de J\u00e9sus, bas\u00e9 sur l\u2019Amour de Dieu et du prochain, notre \u00e9cole veut l\u2019enseigner et en t\u00e9moigner.<\/p>\n<p>Comme la pri\u00e8re et les sacrements sont l\u2019expression de la Foi, les enfants sont invit\u00e9s \u00e0 y participer.<\/p>\n<p>Chaque ann\u00e9e scolaire, quatre c\u00e9l\u00e9brations sont pr\u00e9par\u00e9es par les enseignant(e)s et les enfants; elles se d\u00e9roulent \u00e0 l&rsquo;\u00e9glise Sainte-Marie.<\/p>\n<p>Les parents y sont cordialement invit\u00e9s.<\/p>\n<p><b>PAR DES ACTIONS EDUCATIVES, NOTRE COMMUNAUTE S\u2019ENGAGE A VIVRE CE PROJET.<\/b><\/p>\n","protected":false},"excerpt":{"rendered":"<p>L\u2019\u00e9cole Sainte-Marie, communaut\u00e9 d\u2019Eglise, se met au service de la soci\u00e9t\u00e9, et particuli\u00e8rement des enfants qui lui sont confi\u00e9s. Enseignants, Pouvoir Organisateur, parents, personnel ouvrier, surveillants et autres intervenants travaillent ensemble dans un esprit de communaut\u00e9 \u00e9ducative. ACCUEIL &#8211; JOIE &#8211; RESPECT DE L&rsquo;AUTRE L\u2019\u00e9cole Sainte-Marie accueille tous les enfants, chaque enfant, quelles que soient [&hellip;]<\/p>\n","protected":false},"author":1,"featured_media":0,"parent":167,"menu_order":0,"comment_status":"open","ping_status":"open","template":"","meta":{"footnotes":""},"class_list":["post-310","page","type-page","status-publish","hentry"],"_links":{"self":[{"href":"https:\/\/anssaintemarie.be\/index.php?rest_route=\/wp\/v2\/pages\/310","targetHints":{"allow":["GET"]}}],"collection":[{"href":"https:\/\/anssaintemarie.be\/index.php?rest_route=\/wp\/v2\/pages"}],"about":[{"href":"https:\/\/anssaintemarie.be\/index.php?rest_route=\/wp\/v2\/types\/page"}],"author":[{"embeddable":true,"href":"https:\/\/anssaintemarie.be\/index.php?rest_route=\/wp\/v2\/users\/1"}],"replies":[{"embeddable":true,"href":"https:\/\/anssaintemarie.be\/index.php?rest_route=%2Fwp%2Fv2%2Fcomments&post=310"}],"version-history":[{"count":7,"href":"https:\/\/anssaintemarie.be\/index.php?rest_route=\/wp\/v2\/pages\/310\/revisions"}],"predecessor-version":[{"id":2945,"href":"https:\/\/anssaintemarie.be\/index.php?rest_route=\/wp\/v2\/pages\/310\/revisions\/2945"}],"up":[{"embeddable":true,"href":"https:\/\/anssaintemarie.be\/index.php?rest_route=\/wp\/v2\/pages\/167"}],"wp:attachment":[{"href":"https:\/\/anssaintemarie.be\/index.php?rest_route=%2Fwp%2Fv2%2Fmedia&parent=310"}],"curies":[{"name":"wp","href":"https:\/\/api.w.org\/{rel}","templated":true}]}}