{"id":457,"date":"2013-12-10T12:56:56","date_gmt":"2013-12-10T11:56:56","guid":{"rendered":"http:\/\/anssaintemarie.be\/?page_id=457"},"modified":"2025-09-03T18:54:37","modified_gmt":"2025-09-03T16:54:37","slug":"dates-importantes","status":"publish","type":"page","link":"https:\/\/anssaintemarie.be\/?page_id=457","title":{"rendered":"Dates importantes"},"content":{"rendered":"<p><strong>Cong\u00e9s scolaires 2025-2026<br \/>\n<\/strong><\/p>\n<table class=\"tbl_lll tbl_border\" style=\"height: 331px;\" width=\"708\">\n<tbody>\n<tr>\n<td width=\"250\">Rentr\u00e9e scolaire<\/td>\n<td width=\"460\">lundi 25 ao\u00fbt 2025<\/td>\n<\/tr>\n<tr>\n<td>Cong\u00e9 d&rsquo;automne (Toussaint)<\/td>\n<td>du lundi 20 octobre 2025 au vendredi 31 octobre 2025<\/td>\n<\/tr>\n<tr>\n<td>Comm\u00e9moration de l&rsquo;Armistice<\/td>\n<td>mardi 11 novembre 2025<\/td>\n<\/tr>\n<tr>\n<td>Vacances d&rsquo;hiver (No\u00ebl)<\/td>\n<td>du lundi 22 d\u00e9cembre 2025 au vendredi 2 janvier 2026<\/td>\n<\/tr>\n<tr>\n<td>Cong\u00e9 de d\u00e9tente (Carnaval)<\/td>\n<td>du lundi 16 f\u00e9vrier 2026 au vendredi 27 f\u00e9vrier 2026<\/td>\n<\/tr>\n<tr>\n<td>Lundi de P\u00e2ques<\/td>\n<td>lundi 6\u00a0avril 2026<\/td>\n<\/tr>\n<tr>\n<td>Vacances de printemps (P\u00e2ques)<\/td>\n<td>du lundi 27 avril\u00a02026 au vendredi 8 mai 2026<\/td>\n<\/tr>\n<tr>\n<td>Ascension<\/td>\n<td>jeudi 14 mai 2026<\/td>\n<\/tr>\n<tr>\n<td>Lundi de Pentec\u00f4te<\/td>\n<td>lundi 25 mai 2026<\/td>\n<\/tr>\n<\/tbody>\n<\/table>\n<p><span style=\"color: #339966;\"><em>Les vacances d&rsquo;\u00e9t\u00e9 d\u00e9butent le lundi 6 juillet 2026<\/em><\/span><\/p>\n<p><strong>JOURN\u00c9ES PEDAGOGIQUES<\/strong>:\u00a0 mercredi 15 octobre 2025, mardi 20 janvier 2026 et mercredi 18 mars 2026 (toute l&rsquo;\u00e9cole sera ferm\u00e9e; maternelles et primaires)<\/p>\n<p><span style=\"color: #ff0000;\">UNIQUEMENT POUR LES P3-P4<\/span>: le jeudi 16 avril 2026<\/p>\n<hr \/>\n<p>&nbsp;<\/p>\n<p><strong>Festivit\u00e9s &#8211;\u00a0\u00c9v\u00e8nements<\/strong><\/p>\n<table>\n<thead><\/thead>\n<tbody>\n<tr>\n<td>\u00a0&#8230; septembre 2025<\/td>\n<td>&#8211;&gt;<\/td>\n<td>Messe de rentr\u00e9e<\/td>\n<\/tr>\n<tr>\n<td>\u00a011 novembre 2025<\/td>\n<td>&#8211;&gt;<\/td>\n<td>Bourse aux jouets<\/td>\n<\/tr>\n<tr>\n<td>\u00a04-5 d\u00e9cembre 2025<\/td>\n<td>&#8211;&gt;<\/td>\n<td>Visite de saint Nicolas<\/td>\n<\/tr>\n<tr>\n<td>\u00a012 d\u00e9cembre 2025<\/td>\n<td>&#8211;&gt;<\/td>\n<td>March\u00e9 de No\u00ebl<\/td>\n<\/tr>\n<tr>\n<td>\u00a0&#8230; d\u00e9cembre 2025<\/td>\n<td>&#8211;&gt;<\/td>\n<td>Messe de No\u00ebl<\/td>\n<\/tr>\n<tr>\n<td>\u00a022 janvier 2026<\/td>\n<td>&#8211;&gt;<\/td>\n<td>Photos individuelles<\/td>\n<\/tr>\n<tr>\n<td>\u00a07 mars 2026<\/td>\n<td>&#8211;&gt;<\/td>\n<td>Carnaval \u00e0 l&rsquo;\u00e9cole<\/td>\n<\/tr>\n<tr>\n<td>\u00a018 avril 2026<\/td>\n<td>&#8211;&gt;<\/td>\n<td>Fancy-fair<\/td>\n<\/tr>\n<tr>\n<td>\u00a0A fixer<\/td>\n<td>&#8211;&gt;<\/td>\n<td>C\u00e9l\u00e9bration de P\u00e2ques<\/td>\n<\/tr>\n<tr>\n<td>\u00a015 mai 2026<\/td>\n<td>&#8211;&gt;<\/td>\n<td>Marche parrain\u00e9e<\/td>\n<\/tr>\n<tr>\n<td>\u00a0A fixer<\/td>\n<td>&#8211;&gt;<\/td>\n<td>Messe de fin d&rsquo;ann\u00e9e<\/td>\n<\/tr>\n<tr>\n<td>\u00a026 juin 2026<\/td>\n<td>&#8211;&gt;<\/td>\n<td>Barbecue de fin d&rsquo;ann\u00e9e<\/td>\n<\/tr>\n<tr>\n<td>\u00a030 juin 2026<\/td>\n<td>&#8211;&gt;<\/td>\n<td>Remise des dipl\u00f4mes<\/td>\n<\/tr>\n<\/tbody>\n<\/table>\n<p>&nbsp;<\/p>\n<p><strong><span style=\"color: black;\">Classes des indiens (3e maternelles)<\/span><\/strong><\/p>\n<p>Du mercredi 27 au vendredi 29 mai 2026<\/p>\n","protected":false},"excerpt":{"rendered":"<p>Cong\u00e9s scolaires 2025-2026 Rentr\u00e9e scolaire lundi 25 ao\u00fbt 2025 Cong\u00e9 d&rsquo;automne (Toussaint) du lundi 20 octobre 2025 au vendredi 31 octobre 2025 Comm\u00e9moration de l&rsquo;Armistice mardi 11 novembre 2025 Vacances d&rsquo;hiver (No\u00ebl) du lundi 22 d\u00e9cembre 2025 au vendredi 2 janvier 2026 Cong\u00e9 de d\u00e9tente (Carnaval) du lundi 16 f\u00e9vrier 2026 au vendredi 27 f\u00e9vrier [&hellip;]<\/p>\n","protected":false},"author":3,"featured_media":0,"parent":167,"menu_order":0,"comment_status":"closed","ping_status":"closed","template":"","meta":{"footnotes":""},"class_list":["post-457","page","type-page","status-publish","hentry"],"_links":{"self":[{"href":"https:\/\/anssaintemarie.be\/index.php?rest_route=\/wp\/v2\/pages\/457","targetHints":{"allow":["GET"]}}],"collection":[{"href":"https:\/\/anssaintemarie.be\/index.php?rest_route=\/wp\/v2\/pages"}],"about":[{"href":"https:\/\/anssaintemarie.be\/index.php?rest_route=\/wp\/v2\/types\/page"}],"author":[{"embeddable":true,"href":"https:\/\/anssaintemarie.be\/index.php?rest_route=\/wp\/v2\/users\/3"}],"replies":[{"embeddable":true,"href":"https:\/\/anssaintemarie.be\/index.php?rest_route=%2Fwp%2Fv2%2Fcomments&post=457"}],"version-history":[{"count":85,"href":"https:\/\/anssaintemarie.be\/index.php?rest_route=\/wp\/v2\/pages\/457\/revisions"}],"predecessor-version":[{"id":3263,"href":"https:\/\/anssaintemarie.be\/index.php?rest_route=\/wp\/v2\/pages\/457\/revisions\/3263"}],"up":[{"embeddable":true,"href":"https:\/\/anssaintemarie.be\/index.php?rest_route=\/wp\/v2\/pages\/167"}],"wp:attachment":[{"href":"https:\/\/anssaintemarie.be\/index.php?rest_route=%2Fwp%2Fv2%2Fmedia&parent=457"}],"curies":[{"name":"wp","href":"https:\/\/api.w.org\/{rel}","templated":true}]}}